{"id":2250,"date":"2021-01-12T10:25:48","date_gmt":"2021-01-12T09:25:48","guid":{"rendered":"https:\/\/laik.ch\/?page_id=2250"},"modified":"2024-07-04T11:17:18","modified_gmt":"2024-07-04T09:17:18","slug":"isolation-lavaux-puidoux","status":"publish","type":"page","link":"https:\/\/laik.ch\/de\/isolation-lavaux-puidoux\/","title":{"rendered":"Prestations"},"content":{"rendered":"<section class=\"wpb-content-wrapper\"><div class=\"vc_row wpb_row vc_row-fluid vc_custom_1703468433118 vc_row-has-fill vc_row-o-equal-height vc_row-o-content-middle vc_row-flex\">\n            \t\t\t\t\t\t\t\t<div class=\"wpb_column vc_column_container vc_col-sm-12 vc_col-has-fill\"><div class=\"vc_column-inner vc_custom_1703468485321\"><div class=\"wpb_wrapper\"><div class=\"g5plus-space space-69dc28fb79da3\" data-id=\"69dc28fb79da3\" data-tablet=\"70\" data-tablet-portrait=\"60\" data-mobile=\"40\" data-mobile-landscape=\"50\" style=\"clear: both; display: block; height: 90px\"><\/div><div class=\"g5plus-space space-69dc28fb79f1c\" data-id=\"69dc28fb79f1c\" data-tablet=\"70\" data-tablet-portrait=\"60\" data-mobile=\"40\" data-mobile-landscape=\"50\" style=\"clear: both; display: block; height: 90px\"><\/div><div class=\"page-title-container  wpb_animate_when_almost_visible wpb_top-to-bottom top-to-bottom vc_custom_1719410147172\">\n\t    <h1 class=\"mg-top-0 mg-bottom-0 text-center\" style=\"\"><\/h1>\n<\/div><div class=\"g5plus-space space-69dc28fb7a20a\" data-id=\"69dc28fb7a20a\" data-tablet=\"70\" data-tablet-portrait=\"60\" data-mobile=\"40\" data-mobile-landscape=\"50\" style=\"clear: both; display: block; height: 90px\"><\/div><div class=\"g5plus-space space-69dc28fb7a36e\" data-id=\"69dc28fb7a36e\" data-tablet=\"70\" data-tablet-portrait=\"60\" data-mobile=\"40\" data-mobile-landscape=\"50\" style=\"clear: both; display: block; height: 90px\"><\/div><\/div><\/div><\/div>\t\t\t\n\t\t<\/div>\n\t\t<div class=\"vc_row wpb_row vc_row-fluid\">\n            \t\t\t\t\t\t\t<div class=\"gf-container container\">\n\t\t\t\t\t\t\t\t<div class=\"wpb_column vc_column_container vc_col-sm-12\"><div class=\"vc_column-inner\"><div class=\"wpb_wrapper\">\n\t<div class=\"wpb_text_column wpb_content_element  wpb_animate_when_almost_visible wpb_appear appear\" >\n\t\t<div class=\"wpb_wrapper\">\n\t\t\t<h2 style=\"text-align: center;\"><strong>D\u00e9couvrez toutes nos prestations<\/strong><\/h2>\n\n\t\t<\/div>\n\t<\/div>\n<\/div><\/div><\/div>\t\t\t\t\t\t\t<\/div>\n\t\t\t\n\t\t<\/div>\n\t\t<div class=\"vc_row wpb_row vc_row-fluid\">\n            \t\t\t\t\t\t\t<div class=\"gf-container container\">\n\t\t\t\t\t\t\t\t<div class=\"wpb_column vc_column_container vc_col-sm-12\"><div class=\"vc_column-inner\"><div class=\"wpb_wrapper\"><div class=\"vc_empty_space\"   style=\"height: 32px\"><span class=\"vc_empty_space_inner\"><\/span><\/div><\/div><\/div><\/div>\t\t\t\t\t\t\t<\/div>\n\t\t\t\n\t\t<\/div>\n\t\t<div class=\"vc_row wpb_row vc_row-fluid\">\n            \t\t\t\t\t\t\t<div class=\"gf-container container\">\n\t\t\t\t\t\t\t\t<div class=\"wpb_column vc_column_container vc_col-sm-6\"><div class=\"vc_column-inner\"><div class=\"wpb_wrapper\"><div class=\"g5plus-space space-69dc28fb7adfe\" data-id=\"69dc28fb7adfe\" data-tablet=\"70\" data-tablet-portrait=\"60\" data-mobile=\"40\" data-mobile-landscape=\"50\" style=\"clear: both; display: block; height: 90px\"><\/div><div class=\"wpb_images_carousel wpb_content_element vc_clearfix wpb_animate_when_almost_visible wpb_left-to-right left-to-right\"><div class=\"wpb_wrapper\"><div id=\"vc_images-carousel-1-1776036091\" data-ride=\"vc_carousel\" data-wrap=\"true\" style=\"width: 550px;\" data-interval=\"4000\" data-auto-height=\"yes\" data-mode=\"horizontal\" data-partial=\"false\" data-per-view=\"1\" data-hide-on-end=\"false\" class=\"vc_slide vc_images_carousel\"><div class=\"vc_carousel-inner\"><div class=\"vc_carousel-slideline\"><div class=\"vc_carousel-slideline-inner\"><div class=\"vc_item\"><div class=\"vc_inner\"><img loading=\"lazy\" decoding=\"async\" class=\"\" src=\"https:\/\/laik.ch\/wp-content\/uploads\/2021\/01\/003-scaled-550x500.jpg\" width=\"550\" height=\"500\" alt=\"\" title=\"\" \/><\/div><\/div><div class=\"vc_item\"><div class=\"vc_inner\"><img loading=\"lazy\" decoding=\"async\" class=\"\" src=\"https:\/\/laik.ch\/wp-content\/uploads\/2023\/10\/CZ6I3204-scaled-550x500.jpg\" width=\"550\" height=\"500\" alt=\"\" title=\"\" \/><\/div><\/div><\/div><\/div><\/div><a class=\"vc_left vc_carousel-control\" href=\"#vc_images-carousel-1-1776036091\" data-slide=\"prev\"><span class=\"icon-prev\"><\/span><\/a><a class=\"vc_right vc_carousel-control\" href=\"#vc_images-carousel-1-1776036091\" data-slide=\"next\"><span class=\"icon-next\"><\/span><\/a><\/div><\/div><\/div><\/div><\/div><\/div><div class=\"wpb_column vc_column_container vc_col-sm-6\"><div class=\"vc_column-inner\"><div class=\"wpb_wrapper\">\n\t<div class=\"wpb_text_column wpb_content_element  wpb_animate_when_almost_visible wpb_right-to-left right-to-left\" >\n\t\t<div class=\"wpb_wrapper\">\n\t\t\t<h4 style=\"text-align: center;\"><strong>Chape ciment<\/strong><\/h4>\n<p style=\"text-align: left;\">La chape de mani\u00e8re traditionnelle. La chape ciment est une solution essentielle pour la pr\u00e9paration des sols, offrant une base solide, durable et polyvalente pour une vari\u00e9t\u00e9 de rev\u00eatements. En finition, elle peut-\u00eatre rev\u00eatue ou rest\u00e9e apparente par pon\u00e7age ou gla\u00e7age.<\/p>\n<p>Application id\u00e9ale autant pour l&rsquo;int\u00e9rieur que l&rsquo;ext\u00e9rieur, pour les projets n\u00e9cessitant une haute r\u00e9sistance ainsi que pour les surfaces ayant besoin d&rsquo;une finition rapide.<\/p>\n<p>Avantages de la chape ciment :<\/p>\n<ul>\n<li>Haute r\u00e9sistance m\u00e9canique.<\/li>\n<li>Compatible avec une large gamme de rev\u00eatements.<\/li>\n<li>Moins co\u00fbteuse en termes de mat\u00e9riaux de base.<\/li>\n<\/ul>\n<p>El\u00e9ments \u00e0 prendre en consid\u00e9ration :<\/p>\n<ul>\n<li>Temps de s\u00e9chage plus long.<\/li>\n<li>Risque de fissuration si non correctement cur\u00e9e.<\/li>\n<li>Moins fluide, application plus complexe.<\/li>\n<\/ul>\n\n\t\t<\/div>\n\t<\/div>\n<\/div><\/div><\/div>\t\t\t\t\t\t\t<\/div>\n\t\t\t\n\t\t<\/div>\n\t\t<div class=\"vc_row wpb_row vc_row-fluid\">\n            \t\t\t\t\t\t\t<div class=\"gf-container container\">\n\t\t\t\t\t\t\t\t<div class=\"wpb_column vc_column_container vc_col-sm-6\"><div class=\"vc_column-inner\"><div class=\"wpb_wrapper\">\n\t<div class=\"wpb_text_column wpb_content_element  wpb_animate_when_almost_visible wpb_left-to-right left-to-right\" >\n\t\t<div class=\"wpb_wrapper\">\n\t\t\t<h4 style=\"text-align: center;\"><strong>Chape anhydrite liquide<\/strong><\/h4>\n<p>La chape anhydrite liquide est une chape fluide \u00e0 base de sulfate de calcium (anhydrite) qui, une fois m\u00e9lang\u00e9e avec de l&rsquo;eau, du sable et des additifs, forme un mortier autonivelant. Elle est principalement utilis\u00e9e pour niveler les sols int\u00e9rieurs et est particuli\u00e8rement adapt\u00e9e pour l&rsquo;installation de syst\u00e8mes de chauffage par le sol en raison de sa conductivit\u00e9 thermique \u00e9lev\u00e9e et de sa capacit\u00e9 autonivelante.<\/p>\n<p>Application id\u00e9ale en int\u00e9rieur de par sa sensibilit\u00e9 \u00e0 l&rsquo;humidit\u00e9, pour les projets avec chauffage par le sol ainsi que pour les grandes surfaces n\u00e9cessitant une application rapide et uniforme. En finition, elle peut-\u00eatre rev\u00eatue ou rest\u00e9e apparente.<\/p>\n<p>Avantages de la chape anhydrite liquide :<\/p>\n<ul>\n<li>Facilit\u00e9 et rapidit\u00e9 d&rsquo;application ainsi que de s\u00e9chage.<\/li>\n<li>Surface plus lisse et r\u00e9guli\u00e8re.<\/li>\n<li>Moins de retrait et de fissuration.<\/li>\n<li>Conductivit\u00e9 thermique \u00e9lev\u00e9e, id\u00e9ale pour le chauffage par le sol.<\/li>\n<\/ul>\n<p>El\u00e9ments \u00e0 prendre en consid\u00e9ration :<\/p>\n<ul>\n<li>Sensible \u00e0 l&rsquo;humidit\u00e9.<\/li>\n<li>Incompatibilit\u00e9 avec certains types de rev\u00eatements (certains carrelages sans pr\u00e9paration ad\u00e9quate par exemple).<\/li>\n<li>Co\u00fbt plus \u00e9lev\u00e9 que les chapes ciment.<\/li>\n<\/ul>\n\n\t\t<\/div>\n\t<\/div>\n<\/div><\/div><\/div><div class=\"wpb_column vc_column_container vc_col-sm-6\"><div class=\"vc_column-inner\"><div class=\"wpb_wrapper\"><div class=\"g5plus-space space-69dc28fb7c05c\" data-id=\"69dc28fb7c05c\" data-tablet=\"70\" data-tablet-portrait=\"60\" data-mobile=\"40\" data-mobile-landscape=\"50\" style=\"clear: both; display: block; height: 90px\"><\/div><div class=\"wpb_images_carousel wpb_content_element vc_clearfix wpb_animate_when_almost_visible wpb_right-to-left right-to-left\"><div class=\"wpb_wrapper\"><div id=\"vc_images-carousel-2-1776036091\" data-ride=\"vc_carousel\" data-wrap=\"true\" style=\"width: 550px;\" data-interval=\"4000\" data-auto-height=\"yes\" data-mode=\"horizontal\" data-partial=\"false\" data-per-view=\"1\" data-hide-on-end=\"false\" class=\"vc_slide vc_images_carousel\"><div class=\"vc_carousel-inner\"><div class=\"vc_carousel-slideline\"><div class=\"vc_carousel-slideline-inner\"><div class=\"vc_item\"><div class=\"vc_inner\"><img loading=\"lazy\" decoding=\"async\" class=\"\" src=\"https:\/\/laik.ch\/wp-content\/uploads\/2024\/06\/Chape--550x500.jpg\" width=\"550\" height=\"500\" alt=\"\" title=\"\" \/><\/div><\/div><div class=\"vc_item\"><div class=\"vc_inner\"><img loading=\"lazy\" decoding=\"async\" class=\"\" src=\"https:\/\/laik.ch\/wp-content\/uploads\/2024\/06\/Laik-SA-09222021_0841011-scaled-550x500.jpg\" width=\"550\" height=\"500\" alt=\"\" title=\"\" \/><\/div><\/div><\/div><\/div><\/div><a class=\"vc_left vc_carousel-control\" href=\"#vc_images-carousel-2-1776036091\" data-slide=\"prev\"><span class=\"icon-prev\"><\/span><\/a><a class=\"vc_right vc_carousel-control\" href=\"#vc_images-carousel-2-1776036091\" data-slide=\"next\"><span class=\"icon-next\"><\/span><\/a><\/div><\/div><\/div><\/div><\/div><\/div>\t\t\t\t\t\t\t<\/div>\n\t\t\t\n\t\t<\/div>\n\t\t<div class=\"vc_row wpb_row vc_row-fluid\">\n            \t\t\t\t\t\t\t<div class=\"gf-container container\">\n\t\t\t\t\t\t\t\t<div class=\"wpb_column vc_column_container vc_col-sm-6\"><div class=\"vc_column-inner\"><div class=\"wpb_wrapper\"><div class=\"g5plus-space space-69dc28fb7cca2\" data-id=\"69dc28fb7cca2\" data-tablet=\"70\" data-tablet-portrait=\"60\" data-mobile=\"40\" data-mobile-landscape=\"50\" style=\"clear: both; display: block; height: 90px\"><\/div>\n\t<div  class=\"wpb_single_image wpb_content_element vc_align_left  wpb_animate_when_almost_visible wpb_left-to-right left-to-right\">\n\t\t\n\t\t<figure class=\"wpb_wrapper vc_figure\">\n\t\t\t<div class=\"vc_single_image-wrapper   vc_box_border_grey\"><img loading=\"lazy\" decoding=\"async\" width=\"1024\" height=\"768\" src=\"https:\/\/laik.ch\/wp-content\/uploads\/2024\/06\/WhatsApp-Image-2024-06-18-a-11.59.41_85490338-1024x768.jpg\" class=\"vc_single_image-img attachment-large\" alt=\"\" title=\"\" srcset=\"https:\/\/laik.ch\/wp-content\/uploads\/2024\/06\/WhatsApp-Image-2024-06-18-a-11.59.41_85490338-1024x768.jpg 1024w, https:\/\/laik.ch\/wp-content\/uploads\/2024\/06\/WhatsApp-Image-2024-06-18-a-11.59.41_85490338-300x225.jpg 300w, https:\/\/laik.ch\/wp-content\/uploads\/2024\/06\/WhatsApp-Image-2024-06-18-a-11.59.41_85490338-768x576.jpg 768w, https:\/\/laik.ch\/wp-content\/uploads\/2024\/06\/WhatsApp-Image-2024-06-18-a-11.59.41_85490338-1536x1152.jpg 1536w, https:\/\/laik.ch\/wp-content\/uploads\/2024\/06\/WhatsApp-Image-2024-06-18-a-11.59.41_85490338-16x12.jpg 16w, https:\/\/laik.ch\/wp-content\/uploads\/2024\/06\/WhatsApp-Image-2024-06-18-a-11.59.41_85490338.jpg 1600w\" sizes=\"auto, (max-width: 1024px) 100vw, 1024px\" \/><\/div>\n\t\t<\/figure>\n\t<\/div>\n<\/div><\/div><\/div><div class=\"wpb_column vc_column_container vc_col-sm-6\"><div class=\"vc_column-inner\"><div class=\"wpb_wrapper\">\n\t<div class=\"wpb_text_column wpb_content_element  wpb_animate_when_almost_visible wpb_right-to-left right-to-left\" >\n\t\t<div class=\"wpb_wrapper\">\n\t\t\t<h4 style=\"text-align: center;\"><strong>Isolation<\/strong><\/h4>\n<p style=\"text-align: left;\">L&rsquo;isolation d&rsquo;une chape, qu&rsquo;il s&rsquo;agisse d&rsquo;une chape traditionnelle ou d&rsquo;une chape fluide, est une \u00e9tape essentielle pour assurer le confort thermique et acoustique d&rsquo;un b\u00e2timent. C\u2019est un investissement \u00e9galement important pour l&rsquo;efficacit\u00e9 \u00e9nerg\u00e9tique de celui-ci.<\/p>\n<p style=\"text-align: left;\">Une mise en \u0153uvre soign\u00e9e ainsi que le choix des mat\u00e9riaux appropri\u00e9s sont essentiels pour obtenir des r\u00e9sultats optimaux.<\/p>\n\n\t\t<\/div>\n\t<\/div>\n<\/div><\/div><\/div>\t\t\t\t\t\t\t<\/div>\n\t\t\t\n\t\t<\/div>\n\t\t<div class=\"vc_row wpb_row vc_row-fluid\">\n            \t\t\t\t\t\t\t<div class=\"gf-container container\">\n\t\t\t\t\t\t\t\t<div class=\"wpb_column vc_column_container vc_col-sm-6\"><div class=\"vc_column-inner\"><div class=\"wpb_wrapper\">\n\t<div class=\"wpb_text_column wpb_content_element  wpb_animate_when_almost_visible wpb_left-to-right left-to-right\" >\n\t\t<div class=\"wpb_wrapper\">\n\t\t\t<h4 style=\"text-align: center;\"><strong>B\u00e9ton cir\u00e9<\/strong><\/h4>\n<p style=\"text-align: left;\">Le b\u00e9ton cir\u00e9 est un mat\u00e9riau de rev\u00eatement \u00e0 base de ciment, de r\u00e9sines, d&rsquo;additifs et de pigments. Il est appliqu\u00e9 en fine couche pour cr\u00e9er une surface lisse, uniforme et esth\u00e9tiquement attrayante. Utilis\u00e9 aussi bien pour les sols que pour les murs, le b\u00e9ton cir\u00e9 offre une finition contemporaine et \u00e9l\u00e9gante, adapt\u00e9e \u00e0 divers styles d&rsquo;int\u00e9rieur.<\/p>\n<p style=\"text-align: left;\">Possibilit\u00e9 de couvrir \u00e9galement d&rsquo;autres types de surface, comme par exemple des plans de travail de cuisine, des escaliers et bien d&rsquo;autres.<\/p>\n<p>Ce mat\u00e9riau a un grand potentiel d\u00e9coratif et est propos\u00e9 dans une large palette de couleurs.<\/p>\n<p>Longtemps utilis\u00e9 comme \u00e9l\u00e9ment de structure, le b\u00e9ton se cachait dans nos murs. Mat\u00e9riau traditionnel de la construction, il int\u00e8gre de plus en plus l\u2019int\u00e9rieur de nos maisons et appartements. Son potentiel d\u00e9coratif est aujourd\u2019hui reconnu. Tout est permis ! Jeux de formes, effets de couleurs, il s\u2019int\u00e8gre \u00e0 tous les environnements et aucune pi\u00e8ce de la maison ne lui \u00e9chappe.<\/p>\n<p>Le b\u00e9ton cir\u00e9 est un choix pris\u00e9 pour les projets de r\u00e9novation et de d\u00e9coration moderne, offrant une combinaison unique de durabilit\u00e9, d&rsquo;esth\u00e9tique et de personnalisation.<\/p>\n\n\t\t<\/div>\n\t<\/div>\n<\/div><\/div><\/div><div class=\"wpb_column vc_column_container vc_col-sm-6\"><div class=\"vc_column-inner\"><div class=\"wpb_wrapper\"><div class=\"g5plus-space space-69dc28fb7d9e6\" data-id=\"69dc28fb7d9e6\" data-tablet=\"70\" data-tablet-portrait=\"60\" data-mobile=\"40\" data-mobile-landscape=\"50\" style=\"clear: both; display: block; height: 90px\"><\/div><div class=\"wpb_images_carousel wpb_content_element vc_clearfix wpb_animate_when_almost_visible wpb_right-to-left right-to-left\"><div class=\"wpb_wrapper\"><div id=\"vc_images-carousel-3-1776036091\" data-ride=\"vc_carousel\" data-wrap=\"true\" style=\"width: 550px;\" data-interval=\"4000\" data-auto-height=\"yes\" data-mode=\"horizontal\" data-partial=\"false\" data-per-view=\"1\" data-hide-on-end=\"false\" class=\"vc_slide vc_images_carousel\"><div class=\"vc_carousel-inner\"><div class=\"vc_carousel-slideline\"><div class=\"vc_carousel-slideline-inner\"><div class=\"vc_item\"><div class=\"vc_inner\"><img loading=\"lazy\" decoding=\"async\" class=\"\" src=\"https:\/\/laik.ch\/wp-content\/uploads\/2024\/06\/Laik-2023-028-ok-550x500.jpeg\" width=\"550\" height=\"500\" alt=\"\" title=\"\" \/><\/div><\/div><div class=\"vc_item\"><div class=\"vc_inner\"><img loading=\"lazy\" decoding=\"async\" class=\"\" src=\"https:\/\/laik.ch\/wp-content\/uploads\/2023\/10\/Laik-SA-09222021_084757-scaled-550x500.jpg\" width=\"550\" height=\"500\" alt=\"\" title=\"\" \/><\/div><\/div><\/div><\/div><\/div><a class=\"vc_left vc_carousel-control\" href=\"#vc_images-carousel-3-1776036091\" data-slide=\"prev\"><span class=\"icon-prev\"><\/span><\/a><a class=\"vc_right vc_carousel-control\" href=\"#vc_images-carousel-3-1776036091\" data-slide=\"next\"><span class=\"icon-next\"><\/span><\/a><\/div><\/div><\/div><\/div><\/div><\/div>\t\t\t\t\t\t\t<\/div>\n\t\t\t\n\t\t<\/div>\n\t\t<div class=\"vc_row wpb_row vc_row-fluid\">\n            \t\t\t\t\t\t\t<div class=\"gf-container container\">\n\t\t\t\t\t\t\t\t<div class=\"wpb_column vc_column_container vc_col-sm-12\"><div class=\"vc_column-inner\"><div class=\"wpb_wrapper\"><div class=\"vc_empty_space\"   style=\"height: 32px\"><span class=\"vc_empty_space_inner\"><\/span><\/div><\/div><\/div><\/div>\t\t\t\t\t\t\t<\/div>\n\t\t\t\n\t\t<\/div>\n\t\t<div class=\"vc_row wpb_row vc_row-fluid\">\n            \t\t\t\t\t\t\t<div class=\"gf-container container\">\n\t\t\t\t\t\t\t\t<div class=\"wpb_column vc_column_container vc_col-sm-12\"><div class=\"vc_column-inner\"><div class=\"wpb_wrapper\">\n\t<div class=\"wpb_text_column wpb_content_element  wpb_animate_when_almost_visible wpb_appear appear\" >\n\t\t<div class=\"wpb_wrapper\">\n\t\t\t<p style=\"text-align: center;\">Laik SA vous garantit un travail professionnel et ex\u00e9cut\u00e9 dans les r\u00e8gles de l\u2019art.<\/p>\n\n\t\t<\/div>\n\t<\/div>\n<\/div><\/div><\/div>\t\t\t\t\t\t\t<\/div>\n\t\t\t\n\t\t<\/div>\n\t\t<div class=\"vc_row wpb_row vc_row-fluid\">\n            \t\t\t\t\t\t\t<div class=\"gf-container container\">\n\t\t\t\t\t\t\t\t<div class=\"wpb_column vc_column_container vc_col-sm-12\"><div class=\"vc_column-inner\"><div class=\"wpb_wrapper\"><div class=\"vc_empty_space\"   style=\"height: 32px\"><span class=\"vc_empty_space_inner\"><\/span><\/div><\/div><\/div><\/div>\t\t\t\t\t\t\t<\/div>\n\t\t\t\n\t\t<\/div>\n\t\t<div class=\"vc_row wpb_row vc_row-fluid\">\n            \t\t\t\t\t\t\t<div class=\"gf-container container\">\n\t\t\t\t\t\t\t\t<div class=\"wpb_column vc_column_container vc_col-sm-12\"><div class=\"vc_column-inner\"><div class=\"wpb_wrapper\">\n\t<div  class=\"wpb_single_image wpb_content_element vc_align_center  wpb_animate_when_almost_visible wpb_appear appear\">\n\t\t\n\t\t<figure class=\"wpb_wrapper vc_figure\">\n\t\t\t<div class=\"vc_single_image-wrapper   vc_box_border_grey\"><img loading=\"lazy\" decoding=\"async\" width=\"300\" height=\"233\" src=\"https:\/\/laik.ch\/wp-content\/uploads\/2021\/01\/14444679_1770943936510111_4953691738600023315_o-300x233.jpg\" class=\"vc_single_image-img attachment-medium\" alt=\"Entreprise Ch\u00e2pes Isolation Forel\" title=\"Entreprise Ch\u00e2pes Isolation Forel\" srcset=\"https:\/\/laik.ch\/wp-content\/uploads\/2021\/01\/14444679_1770943936510111_4953691738600023315_o-300x233.jpg 300w, https:\/\/laik.ch\/wp-content\/uploads\/2021\/01\/14444679_1770943936510111_4953691738600023315_o-1024x794.jpg 1024w, https:\/\/laik.ch\/wp-content\/uploads\/2021\/01\/14444679_1770943936510111_4953691738600023315_o-768x596.jpg 768w, https:\/\/laik.ch\/wp-content\/uploads\/2021\/01\/14444679_1770943936510111_4953691738600023315_o-1536x1191.jpg 1536w, https:\/\/laik.ch\/wp-content\/uploads\/2021\/01\/14444679_1770943936510111_4953691738600023315_o.jpg 2048w\" sizes=\"auto, (max-width: 300px) 100vw, 300px\" \/><\/div>\n\t\t<\/figure>\n\t<\/div>\n<\/div><\/div><\/div>\t\t\t\t\t\t\t<\/div>\n\t\t\t\n\t\t<\/div>\n<\/section>","protected":false},"excerpt":{"rendered":"D\u00e9couvrez toutes nos prestations Chape ciment La chape de mani\u00e8re traditionnelle. La chape ciment est une solution essentielle pour la pr\u00e9paration des sols, offrant une base solide, durable et polyvalente pour une vari\u00e9t\u00e9 de rev\u00eatements. En finition, elle peut-\u00eatre rev\u00eatue ou rest\u00e9e apparente par pon\u00e7age ou gla\u00e7age. Application id\u00e9ale autant pour l'int\u00e9rieur que l'ext\u00e9rieur, pour [...]","protected":false},"author":2,"featured_media":0,"parent":0,"menu_order":0,"comment_status":"closed","ping_status":"closed","template":"","meta":{"_monsterinsights_skip_tracking":false,"_monsterinsights_sitenote_active":false,"_monsterinsights_sitenote_note":"","_monsterinsights_sitenote_category":0,"footnotes":""},"class_list":["post-2250","page","type-page","status-publish","hentry"],"yoast_head":"<!-- This site is optimized with the Yoast SEO plugin v27.3 - https:\/\/yoast.com\/product\/yoast-seo-wordpress\/ -->\n<title>Isolation Lavaux Puidoux - LAIK SA - Isolation &amp; Chapes en Suisse -<\/title>\n<meta name=\"description\" content=\"Isolation Lavaux Puidoux nos services ciment rapide, chapes, Isolation , Ciment et poses rapide pr\u00e9cise Lausanne Vaud Isolation Lavaux Puidoux\" \/>\n<meta name=\"robots\" content=\"index, follow, max-snippet:-1, max-image-preview:large, max-video-preview:-1\" \/>\n<link rel=\"canonical\" href=\"https:\/\/laik.ch\/de\/isolation-lavaux-puidoux\/\" \/>\n<meta property=\"og:locale\" content=\"de_DE\" \/>\n<meta property=\"og:type\" content=\"article\" \/>\n<meta property=\"og:title\" content=\"Isolation Lavaux Puidoux - LAIK SA - Isolation &amp; Chapes en Suisse -\" \/>\n<meta property=\"og:description\" content=\"Isolation Lavaux Puidoux nos services ciment rapide, chapes, Isolation , Ciment et poses rapide pr\u00e9cise Lausanne Vaud Isolation Lavaux Puidoux\" \/>\n<meta property=\"og:url\" content=\"https:\/\/laik.ch\/de\/isolation-lavaux-puidoux\/\" \/>\n<meta property=\"og:site_name\" content=\"LAIK SA\" \/>\n<meta property=\"article:modified_time\" content=\"2024-07-04T09:17:18+00:00\" \/>\n<meta name=\"twitter:card\" content=\"summary_large_image\" \/>\n<meta name=\"twitter:label1\" content=\"Gesch\u00e4tzte Lesezeit\" \/>\n\t<meta name=\"twitter:data1\" content=\"5\u00a0Minuten\" \/>\n<script type=\"application\/ld+json\" class=\"yoast-schema-graph\">{\"@context\":\"https:\\\/\\\/schema.org\",\"@graph\":[{\"@type\":\"WebPage\",\"@id\":\"https:\\\/\\\/laik.ch\\\/isolation-lavaux-puidoux\\\/\",\"url\":\"https:\\\/\\\/laik.ch\\\/isolation-lavaux-puidoux\\\/\",\"name\":\"Isolation Lavaux Puidoux - LAIK SA - Isolation & Chapes en Suisse -\",\"isPartOf\":{\"@id\":\"https:\\\/\\\/laik.ch\\\/#website\"},\"datePublished\":\"2021-01-12T09:25:48+00:00\",\"dateModified\":\"2024-07-04T09:17:18+00:00\",\"description\":\"Isolation Lavaux Puidoux nos services ciment rapide, chapes, Isolation , Ciment et poses rapide pr\u00e9cise Lausanne Vaud Isolation Lavaux Puidoux\",\"breadcrumb\":{\"@id\":\"https:\\\/\\\/laik.ch\\\/isolation-lavaux-puidoux\\\/#breadcrumb\"},\"inLanguage\":\"de-CH\",\"potentialAction\":[{\"@type\":\"ReadAction\",\"target\":[\"https:\\\/\\\/laik.ch\\\/isolation-lavaux-puidoux\\\/\"]}]},{\"@type\":\"BreadcrumbList\",\"@id\":\"https:\\\/\\\/laik.ch\\\/isolation-lavaux-puidoux\\\/#breadcrumb\",\"itemListElement\":[{\"@type\":\"ListItem\",\"position\":1,\"name\":\"Accueil\",\"item\":\"https:\\\/\\\/laik.ch\\\/\"},{\"@type\":\"ListItem\",\"position\":2,\"name\":\"Prestations\"}]},{\"@type\":\"WebSite\",\"@id\":\"https:\\\/\\\/laik.ch\\\/#website\",\"url\":\"https:\\\/\\\/laik.ch\\\/\",\"name\":\"LAIK SA\",\"description\":\"Entreprise de chapes et isolation \u00e0 Puidoux\",\"potentialAction\":[{\"@type\":\"SearchAction\",\"target\":{\"@type\":\"EntryPoint\",\"urlTemplate\":\"https:\\\/\\\/laik.ch\\\/?s={search_term_string}\"},\"query-input\":{\"@type\":\"PropertyValueSpecification\",\"valueRequired\":true,\"valueName\":\"search_term_string\"}}],\"inLanguage\":\"de-CH\"}]}<\/script>\n<!-- \/ Yoast SEO plugin. -->","yoast_head_json":{"title":"Isolation Lavaux Puidoux - LAIK SA - Isolation & Chapes en Suisse -","description":"Isolation Lavaux Puidoux nos services ciment rapide, chapes, Isolation , Ciment et poses rapide pr\u00e9cise Lausanne Vaud Isolation Lavaux Puidoux","robots":{"index":"index","follow":"follow","max-snippet":"max-snippet:-1","max-image-preview":"max-image-preview:large","max-video-preview":"max-video-preview:-1"},"canonical":"https:\/\/laik.ch\/de\/isolation-lavaux-puidoux\/","og_locale":"de_DE","og_type":"article","og_title":"Isolation Lavaux Puidoux - LAIK SA - Isolation & Chapes en Suisse -","og_description":"Isolation Lavaux Puidoux nos services ciment rapide, chapes, Isolation , Ciment et poses rapide pr\u00e9cise Lausanne Vaud Isolation Lavaux Puidoux","og_url":"https:\/\/laik.ch\/de\/isolation-lavaux-puidoux\/","og_site_name":"LAIK SA","article_modified_time":"2024-07-04T09:17:18+00:00","twitter_card":"summary_large_image","twitter_misc":{"Gesch\u00e4tzte Lesezeit":"5\u00a0Minuten"},"schema":{"@context":"https:\/\/schema.org","@graph":[{"@type":"WebPage","@id":"https:\/\/laik.ch\/isolation-lavaux-puidoux\/","url":"https:\/\/laik.ch\/isolation-lavaux-puidoux\/","name":"Isolation Lavaux Puidoux - LAIK SA - Isolation & Chapes en Suisse -","isPartOf":{"@id":"https:\/\/laik.ch\/#website"},"datePublished":"2021-01-12T09:25:48+00:00","dateModified":"2024-07-04T09:17:18+00:00","description":"Isolation Lavaux Puidoux nos services ciment rapide, chapes, Isolation , Ciment et poses rapide pr\u00e9cise Lausanne Vaud Isolation Lavaux Puidoux","breadcrumb":{"@id":"https:\/\/laik.ch\/isolation-lavaux-puidoux\/#breadcrumb"},"inLanguage":"de-CH","potentialAction":[{"@type":"ReadAction","target":["https:\/\/laik.ch\/isolation-lavaux-puidoux\/"]}]},{"@type":"BreadcrumbList","@id":"https:\/\/laik.ch\/isolation-lavaux-puidoux\/#breadcrumb","itemListElement":[{"@type":"ListItem","position":1,"name":"Accueil","item":"https:\/\/laik.ch\/"},{"@type":"ListItem","position":2,"name":"Prestations"}]},{"@type":"WebSite","@id":"https:\/\/laik.ch\/#website","url":"https:\/\/laik.ch\/","name":"LAIK SA","description":"Entreprise de chapes et isolation \u00e0 Puidoux","potentialAction":[{"@type":"SearchAction","target":{"@type":"EntryPoint","urlTemplate":"https:\/\/laik.ch\/?s={search_term_string}"},"query-input":{"@type":"PropertyValueSpecification","valueRequired":true,"valueName":"search_term_string"}}],"inLanguage":"de-CH"}]}},"_links":{"self":[{"href":"https:\/\/laik.ch\/de\/wp-json\/wp\/v2\/pages\/2250","targetHints":{"allow":["GET"]}}],"collection":[{"href":"https:\/\/laik.ch\/de\/wp-json\/wp\/v2\/pages"}],"about":[{"href":"https:\/\/laik.ch\/de\/wp-json\/wp\/v2\/types\/page"}],"author":[{"embeddable":true,"href":"https:\/\/laik.ch\/de\/wp-json\/wp\/v2\/users\/2"}],"replies":[{"embeddable":true,"href":"https:\/\/laik.ch\/de\/wp-json\/wp\/v2\/comments?post=2250"}],"version-history":[{"count":31,"href":"https:\/\/laik.ch\/de\/wp-json\/wp\/v2\/pages\/2250\/revisions"}],"predecessor-version":[{"id":2609,"href":"https:\/\/laik.ch\/de\/wp-json\/wp\/v2\/pages\/2250\/revisions\/2609"}],"wp:attachment":[{"href":"https:\/\/laik.ch\/de\/wp-json\/wp\/v2\/media?parent=2250"}],"curies":[{"name":"wp","href":"https:\/\/api.w.org\/{rel}","templated":true}]}}