{"id":254,"date":"2017-07-27T06:27:48","date_gmt":"2017-07-27T04:27:48","guid":{"rendered":"https:\/\/laik.ch\/?page_id=254"},"modified":"2024-11-07T16:16:40","modified_gmt":"2024-11-07T15:16:40","slug":"contact-laik-sa","status":"publish","type":"page","link":"https:\/\/laik.ch\/de\/contact-laik-sa\/","title":{"rendered":"Contact"},"content":{"rendered":"<section class=\"wpb-content-wrapper\"><div class=\"vc_row wpb_row vc_row-fluid vc_custom_1703468669710 vc_row-has-fill\">\n            \t\t\t\t\t\t\t\t<div class=\"wpb_column vc_column_container vc_col-sm-12 vc_col-has-fill\"><div class=\"vc_column-inner vc_custom_1705252432875\"><div class=\"wpb_wrapper\"><div class=\"g5plus-space space-69dc28c0f14ef\" data-id=\"69dc28c0f14ef\" data-tablet=\"70\" data-tablet-portrait=\"60\" data-mobile=\"40\" data-mobile-landscape=\"50\" style=\"clear: both; display: block; height: 90px\"><\/div><div class=\"g5plus-space space-69dc28c0f1668\" data-id=\"69dc28c0f1668\" data-tablet=\"70\" data-tablet-portrait=\"60\" data-mobile=\"40\" data-mobile-landscape=\"50\" style=\"clear: both; display: block; height: 90px\"><\/div><div class=\"g5plus-space space-69dc28c0f17e4\" data-id=\"69dc28c0f17e4\" data-tablet=\"70\" data-tablet-portrait=\"60\" data-mobile=\"40\" data-mobile-landscape=\"50\" style=\"clear: both; display: block; height: 90px\"><\/div><div class=\"g5plus-space space-69dc28c0f1935\" data-id=\"69dc28c0f1935\" data-tablet=\"70\" data-tablet-portrait=\"60\" data-mobile=\"40\" data-mobile-landscape=\"50\" style=\"clear: both; display: block; height: 90px\"><\/div><\/div><\/div><\/div>\t\t\t\n\t\t<\/div>\n\t\t<div class=\"vc_row wpb_row vc_row-fluid\">\n            \t\t\t\t\t\t\t<div class=\"gf-container container\">\n\t\t\t\t\t\t\t\t<div class=\"wpb_column vc_column_container vc_col-sm-12\"><div class=\"vc_column-inner\"><div class=\"wpb_wrapper\"><div class=\"g5plus-space space-69dc28c0f1ca3\" data-id=\"69dc28c0f1ca3\" data-tablet=\"70\" data-tablet-portrait=\"60\" data-mobile=\"40\" data-mobile-landscape=\"50\" style=\"clear: both; display: block; height: 90px\"><\/div><\/div><\/div><\/div>\t\t\t\t\t\t\t<\/div>\n\t\t\t\n\t\t<\/div>\n\t\t<div class=\"vc_row wpb_row vc_row-fluid\">\n            \t\t\t\t\t\t\t<div class=\"gf-container container\">\n\t\t\t\t\t\t\t\t<div class=\"wpb_animate_when_almost_visible wpb_left-to-right left-to-right wpb_column vc_column_container vc_col-sm-12\"><div class=\"vc_column-inner\"><div class=\"wpb_wrapper\">\n\t<div class=\"wpb_raw_code wpb_content_element wpb_raw_html\" >\n\t\t<div class=\"wpb_wrapper\">\n\t\t\t<div style=\"width: 100%\"><iframe loading=\"lazy\" width=\"100%\" height=\"600\" frameborder=\"0\" scrolling=\"no\" marginheight=\"0\" marginwidth=\"0\" src=\"https:\/\/maps.google.com\/maps?width=100%25&amp;height=600&amp;hl=en&amp;q=46.50007683845554,%206.779485109919439+(LAIK%20SA)&amp;t=&amp;z=13&amp;ie=UTF8&amp;iwloc=B&amp;output=embed\"><a href=\"https:\/\/www.maps.ie\/population\/\">Find Population on Map<\/a><\/iframe><\/div>\n\t\t<\/div>\n\t<\/div>\n<div class=\"g5plus-space space-69dc28c0f218f\" data-id=\"69dc28c0f218f\" data-tablet=\"70\" data-tablet-portrait=\"60\" data-mobile=\"40\" data-mobile-landscape=\"50\" style=\"clear: both; display: block; height: 90px\"><\/div><\/div><\/div><\/div>\t\t\t\t\t\t\t<\/div>\n\t\t\t\n\t\t<\/div>\n\t\t<div class=\"vc_row wpb_row vc_row-fluid\">\n            \t\t\t\t\t\t\t<div class=\"gf-container container\">\n\t\t\t\t\t\t\t\t<div class=\"wpb_animate_when_almost_visible wpb_left-to-right left-to-right wpb_column vc_column_container vc_col-sm-5 vc_col-md-3\"><div class=\"vc_column-inner\"><div class=\"wpb_wrapper\">\n\t<div class=\"wpb_text_column wpb_content_element\" >\n\t\t<div class=\"wpb_wrapper\">\n\t\t\t<p>Le plus simple est de nous contacter !<\/p>\n\n\t\t<\/div>\n\t<\/div>\n<div  class=\"wpb_widgetised_column wpb_content_element\">\n\t\t<div class=\"wpb_wrapper\">\n\t\t\t\n\t\t\t<aside id=\"gsf-info_box-5\" class=\"contact-info widget widget-info_box\">\t\t\t\n\t\t\t\t\t\t<ul class=\"item-display-block\">\n\t\t\t\t\t\t\t\t<li>\n\t\t\t\t\t\t\t\t\t\t\t<div class=\"info-shape accent-color background fs-23\">\n\t\t\t\t\t\t\t<div class=\"icon\"><i class=\"fa fa-home\"><\/i><\/div>\n\t\t\t\t\t\t<\/div>\n\t\t\t\t\t\t\t\t\t\t\n\t\t\t\t\t\t\t\t\t\t\t<div class=\"info-content\">\n\t\t\t\t\t\t\t\n\t\t\t\t\t\t\t\t\t\t\t\t\t\t\t<h6 class=\"uppercase\"> Adresse:<\/h6>\n\t\t\t\t\t\t\t\t\t\t\t\t\t\t\n\t\t\t\t\t\t\t\t\t\t\t\t\t\t\t<p> Route du Village 30\n1070 - Puidoux<\/p>\n\t\t\t\t\t\t\t\t\t\t\t\t\t\n\t\t\t\t\t\t<\/div>\n\t\t\t\t\t\t\t\t\t<\/li>\n\t\t\t\t\t\t\t\t\t<li>\n\t\t\t\t\t\t\t\t\t\t\t<div class=\"info-shape accent-color background fs-23\">\n\t\t\t\t\t\t\t<div class=\"icon\"><i class=\"fa fa-volume-control-phone\"><\/i><\/div>\n\t\t\t\t\t\t<\/div>\n\t\t\t\t\t\t\t\t\t\t\n\t\t\t\t\t\t\t\t\t\t\t<div class=\"info-content\">\n\t\t\t\t\t\t\t\n\t\t\t\t\t\t\t\t\t\t\t\t\t\t\t<h6 class=\"uppercase\"> T\u00e9l\u00e9phone:<\/h6>\n\t\t\t\t\t\t\t\t\t\t\t\t\t\t\n\t\t\t\t\t\t\t\t\t\t\t\t\t\t\t<p> T\u00e9l: 021 907 40 50<\/p>\n\t\t\t\t\t\t\t\t\t\t\t\t\t\n\t\t\t\t\t\t<\/div>\n\t\t\t\t\t\t\t\t\t<\/li>\n\t\t\t\t\t\t\t\t\t<li>\n\t\t\t\t\t\t\t\t\t\t\t<div class=\"info-shape accent-color background fs-23\">\n\t\t\t\t\t\t\t<div class=\"icon\"><i class=\"fa fa-envelope-o\"><\/i><\/div>\n\t\t\t\t\t\t<\/div>\n\t\t\t\t\t\t\t\t\t\t\n\t\t\t\t\t\t\t\t\t\t\t<div class=\"info-content\">\n\t\t\t\t\t\t\t\n\t\t\t\t\t\t\t\t\t\t\t\t\t\t\t<h6 class=\"uppercase\"> E-mail:<\/h6>\n\t\t\t\t\t\t\t\t\t\t\t\t\t\t\n\t\t\t\t\t\t\t\t\t\t\t\t\t\t\t<p> info@laik.ch<\/p>\n\t\t\t\t\t\t\t\t\t\t\t\t\t\n\t\t\t\t\t\t<\/div>\n\t\t\t\t\t\t\t\t\t<\/li>\n\t\t\t\t\t\t\t\t<\/ul>\n\t\t\t<\/aside>\n\t\t<\/div>\n\t<\/div>\n<\/div><\/div><\/div><div class=\"wpb_animate_when_almost_visible wpb_right-to-left right-to-left wpb_column vc_column_container vc_col-sm-7 vc_col-md-9\"><div class=\"vc_column-inner\"><div class=\"wpb_wrapper\">\n\t<div class=\"wpb_text_column wpb_content_element\" >\n\t\t<div class=\"wpb_wrapper\">\n\t\t\t<h5>Pensez \u00e0 nous transmettre toutes les informations et les documents n\u00e9cessaires afin de vous r\u00e9pondre le plus pr\u00e9cis\u00e9ment possible !<\/h5>\n<p>Exemple :<\/p>\n<ul>\n<li>Vos coordonn\u00e9es compl\u00e8tes<\/li>\n<li>Le descriptif de votre demande<\/li>\n<li>Des plans, des coupes<\/li>\n<li>Des bilans thermiques<\/li>\n<li>Votre soumission (si existante)<\/li>\n<li>Etc.<\/li>\n<\/ul>\n\n\t\t<\/div>\n\t<\/div>\n<\/div><\/div><\/div>\t\t\t\t\t\t\t<\/div>\n\t\t\t\n\t\t<\/div>\n\t\t<div class=\"vc_row wpb_row vc_row-fluid\">\n            \t\t\t\t\t\t\t<div class=\"gf-container container\">\n\t\t\t\t\t\t\t\t<div class=\"wpb_column vc_column_container vc_col-sm-12\"><div class=\"vc_column-inner\"><div class=\"wpb_wrapper\"><\/div><\/div><\/div>\t\t\t\t\t\t\t<\/div>\n\t\t\t\n\t\t<\/div>\n\t\t<div class=\"vc_row wpb_row vc_row-fluid\">\n            \t\t\t\t\t\t\t<div class=\"gf-container container\">\n\t\t\t\t\t\t\t\t<div class=\"wpb_column vc_column_container vc_col-sm-12\"><div class=\"vc_column-inner\"><div class=\"wpb_wrapper\"><div class=\"vc_empty_space\"   style=\"height: 32px\"><span class=\"vc_empty_space_inner\"><\/span><\/div><\/div><\/div><\/div>\t\t\t\t\t\t\t<\/div>\n\t\t\t\n\t\t<\/div>\n\t\t<div class=\"vc_row wpb_row vc_row-fluid\">\n            \t\t\t\t\t\t\t<div class=\"gf-container container\">\n\t\t\t\t\t\t\t\t<div class=\"wpb_column vc_column_container vc_col-sm-12\"><div class=\"vc_column-inner\"><div class=\"wpb_wrapper\">\n\t<div  class=\"wpb_single_image wpb_content_element vc_align_center  wpb_animate_when_almost_visible wpb_appear appear\">\n\t\t\n\t\t<figure class=\"wpb_wrapper vc_figure\">\n\t\t\t<div class=\"vc_single_image-wrapper   vc_box_border_grey\"><img loading=\"lazy\" decoding=\"async\" width=\"300\" height=\"233\" src=\"https:\/\/laik.ch\/wp-content\/uploads\/2021\/01\/14444679_1770943936510111_4953691738600023315_o-300x233.jpg\" class=\"vc_single_image-img attachment-medium\" alt=\"Entreprise Ch\u00e2pes Isolation Forel\" title=\"Entreprise Ch\u00e2pes Isolation Forel\" srcset=\"https:\/\/laik.ch\/wp-content\/uploads\/2021\/01\/14444679_1770943936510111_4953691738600023315_o-300x233.jpg 300w, https:\/\/laik.ch\/wp-content\/uploads\/2021\/01\/14444679_1770943936510111_4953691738600023315_o-1024x794.jpg 1024w, https:\/\/laik.ch\/wp-content\/uploads\/2021\/01\/14444679_1770943936510111_4953691738600023315_o-768x596.jpg 768w, https:\/\/laik.ch\/wp-content\/uploads\/2021\/01\/14444679_1770943936510111_4953691738600023315_o-1536x1191.jpg 1536w, https:\/\/laik.ch\/wp-content\/uploads\/2021\/01\/14444679_1770943936510111_4953691738600023315_o.jpg 2048w\" sizes=\"auto, (max-width: 300px) 100vw, 300px\" \/><\/div>\n\t\t<\/figure>\n\t<\/div>\n<div class=\"vc_empty_space\"   style=\"height: 32px\"><span class=\"vc_empty_space_inner\"><\/span><\/div><\/div><\/div><\/div>\t\t\t\t\t\t\t<\/div>\n\t\t\t\n\t\t<\/div>\n\t\t<div class=\"vc_row wpb_row vc_row-fluid\">\n            \t\t\t\t\t\t\t<div class=\"gf-container container\">\n\t\t\t\t\t\t\t\t<div class=\"wpb_column vc_column_container vc_col-sm-12\"><div class=\"vc_column-inner\"><div class=\"wpb_wrapper\"><\/div><\/div><\/div>\t\t\t\t\t\t\t<\/div>\n\t\t\t\n\t\t<\/div>\n<\/section>","protected":false},"excerpt":{"rendered":"Find Population on Map Le plus simple est de nous contacter ! Adresse: Route du Village 30 1070 - Puidoux T\u00e9l\u00e9phone: T\u00e9l: 021 907 40 50 E-mail: info@laik.ch Pensez \u00e0 nous transmettre toutes les informations et les documents n\u00e9cessaires afin de vous r\u00e9pondre le plus pr\u00e9cis\u00e9ment possible ! Exemple : Vos coordonn\u00e9es compl\u00e8tes Le descriptif [...]","protected":false},"author":2,"featured_media":0,"parent":0,"menu_order":0,"comment_status":"closed","ping_status":"closed","template":"","meta":{"_monsterinsights_skip_tracking":false,"_monsterinsights_sitenote_active":false,"_monsterinsights_sitenote_note":"","_monsterinsights_sitenote_category":0,"footnotes":""},"class_list":["post-254","page","type-page","status-publish","hentry"],"yoast_head":"<!-- This site is optimized with the Yoast SEO plugin v27.3 - https:\/\/yoast.com\/product\/yoast-seo-wordpress\/ -->\n<title>Contact LAIK SA - Entreprise de Chapes en Suisse - Puidoux -<\/title>\n<meta name=\"description\" content=\"Contact LAIK SA Entreprise de Chapes , Isolation , Sols Color\u00e9s , Contactez-nous rapidement afin de faire un devis Contact LAIK SA\" \/>\n<meta name=\"robots\" content=\"index, follow, max-snippet:-1, max-image-preview:large, max-video-preview:-1\" \/>\n<link rel=\"canonical\" href=\"https:\/\/laik.ch\/de\/contact-laik-sa\/\" \/>\n<meta property=\"og:locale\" content=\"de_DE\" \/>\n<meta property=\"og:type\" content=\"article\" \/>\n<meta property=\"og:title\" content=\"Contact LAIK SA - Entreprise de Chapes en Suisse - Puidoux -\" \/>\n<meta property=\"og:description\" content=\"Contact LAIK SA Entreprise de Chapes , Isolation , Sols Color\u00e9s , Contactez-nous rapidement afin de faire un devis Contact LAIK SA\" \/>\n<meta property=\"og:url\" content=\"https:\/\/laik.ch\/de\/contact-laik-sa\/\" \/>\n<meta property=\"og:site_name\" content=\"LAIK SA\" \/>\n<meta property=\"article:modified_time\" content=\"2024-11-07T15:16:40+00:00\" \/>\n<meta name=\"twitter:card\" content=\"summary_large_image\" \/>\n<meta name=\"twitter:label1\" content=\"Gesch\u00e4tzte Lesezeit\" \/>\n\t<meta name=\"twitter:data1\" content=\"1\u00a0Minute\" \/>\n<script type=\"application\/ld+json\" class=\"yoast-schema-graph\">{\"@context\":\"https:\\\/\\\/schema.org\",\"@graph\":[{\"@type\":\"WebPage\",\"@id\":\"https:\\\/\\\/laik.ch\\\/contact-laik-sa\\\/\",\"url\":\"https:\\\/\\\/laik.ch\\\/contact-laik-sa\\\/\",\"name\":\"Contact LAIK SA - Entreprise de Chapes en Suisse - Puidoux -\",\"isPartOf\":{\"@id\":\"https:\\\/\\\/laik.ch\\\/#website\"},\"datePublished\":\"2017-07-27T04:27:48+00:00\",\"dateModified\":\"2024-11-07T15:16:40+00:00\",\"description\":\"Contact LAIK SA Entreprise de Chapes , Isolation , Sols Color\u00e9s , Contactez-nous rapidement afin de faire un devis Contact LAIK SA\",\"breadcrumb\":{\"@id\":\"https:\\\/\\\/laik.ch\\\/contact-laik-sa\\\/#breadcrumb\"},\"inLanguage\":\"de-CH\",\"potentialAction\":[{\"@type\":\"ReadAction\",\"target\":[\"https:\\\/\\\/laik.ch\\\/contact-laik-sa\\\/\"]}]},{\"@type\":\"BreadcrumbList\",\"@id\":\"https:\\\/\\\/laik.ch\\\/contact-laik-sa\\\/#breadcrumb\",\"itemListElement\":[{\"@type\":\"ListItem\",\"position\":1,\"name\":\"Accueil\",\"item\":\"https:\\\/\\\/laik.ch\\\/\"},{\"@type\":\"ListItem\",\"position\":2,\"name\":\"Contact\"}]},{\"@type\":\"WebSite\",\"@id\":\"https:\\\/\\\/laik.ch\\\/#website\",\"url\":\"https:\\\/\\\/laik.ch\\\/\",\"name\":\"LAIK SA\",\"description\":\"Entreprise de chapes et isolation \u00e0 Puidoux\",\"potentialAction\":[{\"@type\":\"SearchAction\",\"target\":{\"@type\":\"EntryPoint\",\"urlTemplate\":\"https:\\\/\\\/laik.ch\\\/?s={search_term_string}\"},\"query-input\":{\"@type\":\"PropertyValueSpecification\",\"valueRequired\":true,\"valueName\":\"search_term_string\"}}],\"inLanguage\":\"de-CH\"}]}<\/script>\n<!-- \/ Yoast SEO plugin. -->","yoast_head_json":{"title":"Contact LAIK SA - Entreprise de Chapes en Suisse - Puidoux -","description":"Contact LAIK SA Entreprise de Chapes , Isolation , Sols Color\u00e9s , Contactez-nous rapidement afin de faire un devis Contact LAIK SA","robots":{"index":"index","follow":"follow","max-snippet":"max-snippet:-1","max-image-preview":"max-image-preview:large","max-video-preview":"max-video-preview:-1"},"canonical":"https:\/\/laik.ch\/de\/contact-laik-sa\/","og_locale":"de_DE","og_type":"article","og_title":"Contact LAIK SA - Entreprise de Chapes en Suisse - Puidoux -","og_description":"Contact LAIK SA Entreprise de Chapes , Isolation , Sols Color\u00e9s , Contactez-nous rapidement afin de faire un devis Contact LAIK SA","og_url":"https:\/\/laik.ch\/de\/contact-laik-sa\/","og_site_name":"LAIK SA","article_modified_time":"2024-11-07T15:16:40+00:00","twitter_card":"summary_large_image","twitter_misc":{"Gesch\u00e4tzte Lesezeit":"1\u00a0Minute"},"schema":{"@context":"https:\/\/schema.org","@graph":[{"@type":"WebPage","@id":"https:\/\/laik.ch\/contact-laik-sa\/","url":"https:\/\/laik.ch\/contact-laik-sa\/","name":"Contact LAIK SA - Entreprise de Chapes en Suisse - Puidoux -","isPartOf":{"@id":"https:\/\/laik.ch\/#website"},"datePublished":"2017-07-27T04:27:48+00:00","dateModified":"2024-11-07T15:16:40+00:00","description":"Contact LAIK SA Entreprise de Chapes , Isolation , Sols Color\u00e9s , Contactez-nous rapidement afin de faire un devis Contact LAIK SA","breadcrumb":{"@id":"https:\/\/laik.ch\/contact-laik-sa\/#breadcrumb"},"inLanguage":"de-CH","potentialAction":[{"@type":"ReadAction","target":["https:\/\/laik.ch\/contact-laik-sa\/"]}]},{"@type":"BreadcrumbList","@id":"https:\/\/laik.ch\/contact-laik-sa\/#breadcrumb","itemListElement":[{"@type":"ListItem","position":1,"name":"Accueil","item":"https:\/\/laik.ch\/"},{"@type":"ListItem","position":2,"name":"Contact"}]},{"@type":"WebSite","@id":"https:\/\/laik.ch\/#website","url":"https:\/\/laik.ch\/","name":"LAIK SA","description":"Entreprise de chapes et isolation \u00e0 Puidoux","potentialAction":[{"@type":"SearchAction","target":{"@type":"EntryPoint","urlTemplate":"https:\/\/laik.ch\/?s={search_term_string}"},"query-input":{"@type":"PropertyValueSpecification","valueRequired":true,"valueName":"search_term_string"}}],"inLanguage":"de-CH"}]}},"_links":{"self":[{"href":"https:\/\/laik.ch\/de\/wp-json\/wp\/v2\/pages\/254","targetHints":{"allow":["GET"]}}],"collection":[{"href":"https:\/\/laik.ch\/de\/wp-json\/wp\/v2\/pages"}],"about":[{"href":"https:\/\/laik.ch\/de\/wp-json\/wp\/v2\/types\/page"}],"author":[{"embeddable":true,"href":"https:\/\/laik.ch\/de\/wp-json\/wp\/v2\/users\/2"}],"replies":[{"embeddable":true,"href":"https:\/\/laik.ch\/de\/wp-json\/wp\/v2\/comments?post=254"}],"version-history":[{"count":11,"href":"https:\/\/laik.ch\/de\/wp-json\/wp\/v2\/pages\/254\/revisions"}],"predecessor-version":[{"id":2637,"href":"https:\/\/laik.ch\/de\/wp-json\/wp\/v2\/pages\/254\/revisions\/2637"}],"wp:attachment":[{"href":"https:\/\/laik.ch\/de\/wp-json\/wp\/v2\/media?parent=254"}],"curies":[{"name":"wp","href":"https:\/\/api.w.org\/{rel}","templated":true}]}}