{"id":853,"date":"2017-08-24T02:18:08","date_gmt":"2017-08-24T00:18:08","guid":{"rendered":"https:\/\/laik.ch\/?page_id=853"},"modified":"2024-08-14T09:10:46","modified_gmt":"2024-08-14T07:10:46","slug":"laik-sa-suisse-puidoux","status":"publish","type":"page","link":"https:\/\/laik.ch\/de\/laik-sa-suisse-puidoux\/","title":{"rendered":"Qui Sommes-nous ?"},"content":{"rendered":"<section class=\"wpb-content-wrapper\"><div class=\"gf-container container\">\n\t\t<div class=\"vc_row wpb_row vc_row-fluid vc_custom_1701713087000 vc_row-has-fill\">\n            \t\t\t\t\t\t\t\t<div class=\"wpb_column vc_column_container vc_col-sm-12\"><div class=\"vc_column-inner\"><div class=\"wpb_wrapper\"><div class=\"g5plus-space space-69dc28d5aee28\" data-id=\"69dc28d5aee28\" data-tablet=\"70\" data-tablet-portrait=\"60\" data-mobile=\"40\" data-mobile-landscape=\"50\" style=\"clear: both; display: block; height: 90px\"><\/div><div class=\"g5plus-space space-69dc28d5aefba\" data-id=\"69dc28d5aefba\" data-tablet=\"70\" data-tablet-portrait=\"60\" data-mobile=\"40\" data-mobile-landscape=\"50\" style=\"clear: both; display: block; height: 90px\"><\/div><div class=\"page-title-container  wpb_animate_when_almost_visible wpb_top-to-bottom top-to-bottom\">\n\t    <h1 class=\"mg-top-0 mg-bottom-0 text-center\" style=\"color: #1e73be !important\"><\/h1>\n<\/div><div class=\"g5plus-space space-69dc28d5af2da\" data-id=\"69dc28d5af2da\" data-tablet=\"70\" data-tablet-portrait=\"60\" data-mobile=\"40\" data-mobile-landscape=\"50\" style=\"clear: both; display: block; height: 90px\"><\/div><div class=\"g5plus-space space-69dc28d5af43a\" data-id=\"69dc28d5af43a\" data-tablet=\"70\" data-tablet-portrait=\"60\" data-mobile=\"40\" data-mobile-landscape=\"50\" style=\"clear: both; display: block; height: 90px\"><\/div><\/div><\/div><\/div>\t\t\t\n\t\t<\/div>\n\t<\/div>\n\t\t<div class=\"vc_row wpb_row vc_row-fluid\">\n            \t\t\t\t\t\t\t<div class=\"gf-container container\">\n\t\t\t\t\t\t\t\t<div class=\"wpb_column vc_column_container vc_col-sm-6\"><div class=\"vc_column-inner\"><div class=\"wpb_wrapper\"><div class=\"g5plus-space space-69dc28d5af865\" data-id=\"69dc28d5af865\" data-tablet=\"80\" data-tablet-portrait=\"70\" data-mobile=\"60\" data-mobile-landscape=\"60\" style=\"clear: both; display: block; height: 100px\"><\/div>\n\t<div class=\"wpb_text_column wpb_content_element  wpb_animate_when_almost_visible wpb_left-to-right left-to-right\" >\n\t\t<div class=\"wpb_wrapper\">\n\t\t\t<p>Laik SA a \u00e9t\u00e9 fond\u00e9e en 1998 \u00e0 Forel (Lavaux) par Monsieur Antonio Rappazzo. Elle est \u00e9tablie actuellement \u00e0 Puidoux (Lavaux).<\/p>\n<p>D\u2019une petite structure, l\u2019entreprise compte aujourd\u2019hui plus de 40 collaborateurs. Elle est active dans le domaine de la construction et ses sp\u00e9cialit\u00e9s sont la pose de chape et d\u2019isolation.<\/p>\n<p>Laik SA vous garantit un travail professionnel et ex\u00e9cut\u00e9 dans les r\u00e8gles de l\u2019art. De plus, l\u2019entreprise est performante car elle garantit la bonne qualit\u00e9 des produits utilis\u00e9s et des services fournis.<\/p>\n<p>Les techniciens assurent un suivi constant des travaux avec les clients.<br \/>\nD\u2019autre part, la soci\u00e9t\u00e9 fait son maximum pour satisfaire le client lors des interventions afin de respecter les d\u00e9lais, parfois tr\u00e8s serr\u00e9s.<\/p>\n<p>Une exposition de chapes et b\u00e9ton cir\u00e9 peut vous \u00eatre pr\u00e9sent\u00e9e dans nos locaux \u00e0 Puidoux. Ces visites se font exclusivement sur rendez-vous.<\/p>\n<p>Toute l&rsquo;\u00e9quipe Laik se r\u00e9jouit de vous rencontrer ainsi que de vous renseigner au mieux selon vos demandes et exigences pour vos futurs travaux.<\/p>\n\n\t\t<\/div>\n\t<\/div>\n<\/div><\/div><\/div><div class=\"wpb_column vc_column_container vc_col-sm-6\"><div class=\"vc_column-inner\"><div class=\"wpb_wrapper\"><div class=\"g5plus-space space-69dc28d5afbf5\" data-id=\"69dc28d5afbf5\" data-tablet=\"80\" data-tablet-portrait=\"70\" data-mobile=\"60\" data-mobile-landscape=\"60\" style=\"clear: both; display: block; height: 100px\"><\/div>\n\t<div  class=\"wpb_single_image wpb_content_element vc_align_left  wpb_animate_when_almost_visible wpb_right-to-left right-to-left\">\n\t\t\n\t\t<figure class=\"wpb_wrapper vc_figure\">\n\t\t\t<div class=\"vc_single_image-wrapper   vc_box_border_grey\"><img loading=\"lazy\" decoding=\"async\" width=\"2043\" height=\"1808\" src=\"https:\/\/laik.ch\/wp-content\/uploads\/2024\/06\/20221025_165041-1.jpg\" class=\"vc_single_image-img attachment-full\" alt=\"\" title=\"\" srcset=\"https:\/\/laik.ch\/wp-content\/uploads\/2024\/06\/20221025_165041-1.jpg 2043w, https:\/\/laik.ch\/wp-content\/uploads\/2024\/06\/20221025_165041-1-300x265.jpg 300w, https:\/\/laik.ch\/wp-content\/uploads\/2024\/06\/20221025_165041-1-1024x906.jpg 1024w, https:\/\/laik.ch\/wp-content\/uploads\/2024\/06\/20221025_165041-1-768x680.jpg 768w, https:\/\/laik.ch\/wp-content\/uploads\/2024\/06\/20221025_165041-1-1536x1359.jpg 1536w, https:\/\/laik.ch\/wp-content\/uploads\/2024\/06\/20221025_165041-1-14x12.jpg 14w\" sizes=\"auto, (max-width: 2043px) 100vw, 2043px\" \/><\/div>\n\t\t<\/figure>\n\t<\/div>\n<\/div><\/div><\/div>\t\t\t\t\t\t\t<\/div>\n\t\t\t\n\t\t<\/div>\n\t\t<div class=\"vc_row wpb_row vc_row-fluid vc_custom_1502071736066 vc_row-has-fill gf-bg-overlay-wrap\">\n                            <div class=\"gf-bg-overlay\" style=\"background-color:rgba(252,252,252,0.95)\"><\/div>\n            \t\t\t\t\t\t\t<div class=\"gf-container container\">\n\t\t\t\t\t\t\t\t<div class=\"wpb_column vc_column_container vc_col-sm-12\"><div class=\"vc_column-inner\"><div class=\"wpb_wrapper\"><div class=\"g5plus-space space-69dc28d5b0688\" data-id=\"69dc28d5b0688\" data-tablet=\"50\" data-tablet-portrait=\"40\" data-mobile=\"40\" data-mobile-landscape=\"40\" style=\"clear: both; display: block; height: 71px\"><\/div><div class=\"vc_row wpb_row vc_inner vc_row-fluid\"><div class=\"wpb_column vc_column_container vc_col-sm-6 vc_col-md-3\"><div class=\"vc_column-inner\"><div class=\"wpb_wrapper\">\n<div class=\"g5plus-counter\">\n\t\t\t<div class=\"ct-icon-shape\">\n\t\t\t<div class=\"fs-40 ct-icon\"><i class=\"flaticon-house-10\"><\/i><\/div>\n\t\t<\/div>\n\t\t<div class=\"ct-content\">\n\t\t\t\t\t<h4 class=\"counterup fs-38 mg-bottom-0 mg-top-0\" data-start=\"0\"\n\t\t\t\t  data-end=\"25\" data-decimals=\"0\"\n\t\t\t\t  data-duration=\"2,5\" data-separator=\"\"\n\t\t\t\t  data-decimal=\"\" data-prefix=\"+\"\n\t\t\t\t  data-suffix=\"\">25<span class=\"fs-24\"><\/span><\/h4>\n\t\t\t\t\t\t\t<span class=\"mg-bottom-0 fs-14 mg-top-0 heading_font\">ans d'exp\u00e9rience<\/span>\n\t\t\t<\/div>\n<\/div><\/div><\/div><\/div><div class=\"xs-mg-top-20 wpb_column vc_column_container vc_col-sm-6 vc_col-md-3\"><div class=\"vc_column-inner\"><div class=\"wpb_wrapper\">\n<div class=\"g5plus-counter\">\n\t\t\t<div class=\"ct-icon-shape\">\n\t\t\t<div class=\"fs-40 ct-icon\"><i class=\"flaticon-broker\"><\/i><\/div>\n\t\t<\/div>\n\t\t<div class=\"ct-content\">\n\t\t\t\t\t<h4 class=\"counterup fs-38 mg-bottom-0 mg-top-0\" data-start=\"0\"\n\t\t\t\t  data-end=\"40\" data-decimals=\"\"\n\t\t\t\t  data-duration=\"2,5\" data-separator=\"\"\n\t\t\t\t  data-decimal=\"\" data-prefix=\"+\"\n\t\t\t\t  data-suffix=\"\">40<span class=\"fs-24\"><\/span><\/h4>\n\t\t\t\t\t\t\t<span class=\"mg-bottom-0 fs-14 mg-top-0 heading_font\">Collaborateurs<\/span>\n\t\t\t<\/div>\n<\/div><\/div><\/div><\/div><div class=\"xs-mg-top-20 sm-mg-top-30 wpb_column vc_column_container vc_col-sm-6 vc_col-md-3\"><div class=\"vc_column-inner\"><div class=\"wpb_wrapper\">\n<div class=\"g5plus-counter\">\n\t\t\t<div class=\"ct-icon-shape\">\n\t\t\t<div class=\"fs-40 ct-icon\"><i class=\"flaticon-engineer-1\"><\/i><\/div>\n\t\t<\/div>\n\t\t<div class=\"ct-content\">\n\t\t\t\t\t<h4 class=\"counterup fs-38 mg-bottom-0 mg-top-0\" data-start=\"0\"\n\t\t\t\t  data-end=\"99.99\" data-decimals=\"0\"\n\t\t\t\t  data-duration=\"2,5\" data-separator=\"\"\n\t\t\t\t  data-decimal=\"\" data-prefix=\"\"\n\t\t\t\t  data-suffix=\"%\">99.99<span class=\"fs-24\">%<\/span><\/h4>\n\t\t\t\t\t\t\t<span class=\"mg-bottom-0 fs-14 mg-top-0 heading_font\">Travaux de qualit\u00e9 !<\/span>\n\t\t\t<\/div>\n<\/div><\/div><\/div><\/div><div class=\"xs-mg-top-20 sm-mg-top-30 wpb_column vc_column_container vc_col-sm-6 vc_col-md-3\"><div class=\"vc_column-inner\"><div class=\"wpb_wrapper\">\n<div class=\"g5plus-counter\">\n\t\t\t<div class=\"ct-icon-shape\">\n\t\t\t<div class=\"fs-40 ct-icon\"><i class=\"flaticon-helmet-1\"><\/i><\/div>\n\t\t<\/div>\n\t\t<div class=\"ct-content\">\n\t\t\t\t\t<h4 class=\"counterup fs-38 mg-bottom-0 mg-top-0\" data-start=\"0\"\n\t\t\t\t  data-end=\"+900\" data-decimals=\"0\"\n\t\t\t\t  data-duration=\"2,5\" data-separator=\"\"\n\t\t\t\t  data-decimal=\"\" data-prefix=\"+\"\n\t\t\t\t  data-suffix=\"\">+900<span class=\"fs-24\"><\/span><\/h4>\n\t\t\t\t\t\t\t<span class=\"mg-bottom-0 fs-14 mg-top-0 heading_font\">Projets termin\u00e9s par ann\u00e9e<\/span>\n\t\t\t<\/div>\n<\/div><\/div><\/div><\/div><\/div><div class=\"g5plus-space space-69dc28d5b1958\" data-id=\"69dc28d5b1958\" data-tablet=\"80\" data-tablet-portrait=\"70\" data-mobile=\"60\" data-mobile-landscape=\"60\" style=\"clear: both; display: block; height: 100px\"><\/div><\/div><\/div><\/div>\t\t\t\t\t\t\t<\/div>\n\t\t\t\n\t\t<\/div>\n\t\t<div class=\"vc_row wpb_row vc_row-fluid vc_row-o-equal-height vc_row-flex\">\n            \t\t\t\t\t\t\t<div class=\"gf-container container\">\n\t\t\t\t\t\t\t\t<div class=\"wpb_column vc_column_container vc_col-sm-12\"><div class=\"vc_column-inner\"><div class=\"wpb_wrapper\"><div class=\"g5plus-space space-69dc28d5b1d6b\" data-id=\"69dc28d5b1d6b\" data-tablet=\"80\" data-tablet-portrait=\"70\" data-mobile=\"60\" data-mobile-landscape=\"60\" style=\"clear: both; display: block; height: 90px\"><\/div><div class=\"gf-heading text-center gf-heading-normal  wpb_animate_when_almost_visible wpb_left-to-right left-to-right vc_custom_1719412700379\">\n\t\t\t<h5 class=\"heading_title heading-top\"><strong class=\"uppercase\">Gestion d&rsquo;entreprise<\/strong>\u00a0<strong><span class=\"accent-color\">FAMILIALE<\/span><\/strong><\/h5>\n\t\t<p class=\"heading_subtitle accent-color\"><\/p>\n\t\t\n<\/div>\n<\/div><\/div><\/div><div class=\"wpb_column vc_column_container vc_col-sm-12\"><div class=\"vc_column-inner\"><div class=\"wpb_wrapper\"><\/div><\/div><\/div>\t\t\t\t\t\t\t<\/div>\n\t\t\t\n\t\t<\/div>\n\t\t<div class=\"vc_row wpb_row vc_row-fluid\">\n            \t\t\t\t\t\t\t<div class=\"gf-container container\">\n\t\t\t\t\t\t\t\t<div class=\"wpb_column vc_column_container vc_col-sm-12\"><div class=\"vc_column-inner\"><div class=\"wpb_wrapper\">\n\t<div  class=\"wpb_single_image wpb_content_element vc_align_center  wpb_animate_when_almost_visible wpb_left-to-right left-to-right\">\n\t\t\n\t\t<figure class=\"wpb_wrapper vc_figure\">\n\t\t\t<div class=\"vc_single_image-wrapper   vc_box_border_grey\"><img loading=\"lazy\" decoding=\"async\" width=\"1024\" height=\"749\" src=\"https:\/\/laik.ch\/wp-content\/uploads\/2024\/08\/Publi_Laik-pdf-1024x749.jpg\" class=\"vc_single_image-img attachment-large\" alt=\"\" title=\"\" \/><\/div>\n\t\t<\/figure>\n\t<\/div>\n<\/div><\/div><\/div>\t\t\t\t\t\t\t<\/div>\n\t\t\t\n\t\t<\/div>\n\t\t<div class=\"vc_row wpb_row vc_row-fluid\">\n            \t\t\t\t\t\t\t<div class=\"gf-container container\">\n\t\t\t\t\t\t\t\t<div class=\"wpb_column vc_column_container vc_col-sm-12\"><div class=\"vc_column-inner\"><div class=\"wpb_wrapper\"><div class=\"vc_empty_space\"   style=\"height: 32px\"><span class=\"vc_empty_space_inner\"><\/span><\/div><\/div><\/div><\/div>\t\t\t\t\t\t\t<\/div>\n\t\t\t\n\t\t<\/div>\n\t\t<div class=\"vc_row wpb_row vc_row-fluid\">\n            \t\t\t\t\t\t\t<div class=\"gf-container container\">\n\t\t\t\t\t\t\t\t<div class=\"wpb_column vc_column_container vc_col-sm-12\"><div class=\"vc_column-inner\"><div class=\"wpb_wrapper\">\n\t<div  class=\"wpb_single_image wpb_content_element vc_align_center  wpb_animate_when_almost_visible wpb_appear appear\">\n\t\t\n\t\t<figure class=\"wpb_wrapper vc_figure\">\n\t\t\t<div class=\"vc_single_image-wrapper   vc_box_border_grey\"><img loading=\"lazy\" decoding=\"async\" width=\"300\" height=\"233\" src=\"https:\/\/laik.ch\/wp-content\/uploads\/2021\/03\/11111111-removebg-preview-300x233.png\" class=\"vc_single_image-img attachment-medium\" alt=\"\" title=\"11111111-removebg-preview\" srcset=\"https:\/\/laik.ch\/wp-content\/uploads\/2021\/03\/11111111-removebg-preview-300x233.png 300w, https:\/\/laik.ch\/wp-content\/uploads\/2021\/03\/11111111-removebg-preview-16x12.png 16w, https:\/\/laik.ch\/wp-content\/uploads\/2021\/03\/11111111-removebg-preview.png 567w\" sizes=\"auto, (max-width: 300px) 100vw, 300px\" \/><\/div>\n\t\t<\/figure>\n\t<\/div>\n<\/div><\/div><\/div>\t\t\t\t\t\t\t<\/div>\n\t\t\t\n\t\t<\/div>\n<\/section>","protected":false},"excerpt":{"rendered":"Laik SA a \u00e9t\u00e9 fond\u00e9e en 1998 \u00e0 Forel (Lavaux) par Monsieur Antonio Rappazzo. Elle est \u00e9tablie actuellement \u00e0 Puidoux (Lavaux). D\u2019une petite structure, l\u2019entreprise compte aujourd\u2019hui plus de 40 collaborateurs. Elle est active dans le domaine de la construction et ses sp\u00e9cialit\u00e9s sont la pose de chape et d\u2019isolation. Laik SA vous garantit un [...]","protected":false},"author":2,"featured_media":0,"parent":0,"menu_order":0,"comment_status":"closed","ping_status":"closed","template":"","meta":{"_monsterinsights_skip_tracking":false,"_monsterinsights_sitenote_active":false,"_monsterinsights_sitenote_note":"","_monsterinsights_sitenote_category":0,"footnotes":""},"class_list":["post-853","page","type-page","status-publish","hentry"],"yoast_head":"<!-- This site is optimized with the Yoast SEO plugin v27.3 - https:\/\/yoast.com\/product\/yoast-seo-wordpress\/ -->\n<title>LAIK SA Suisse Puidoux - Entreprise de Construction B\u00e2timent Puidoux - Puidoux -<\/title>\n<meta name=\"description\" content=\"LAIK SA Suisse Puidoux D\u00e9couvrez notre \u00e9quipe, notre histoire, LAIK SA G\u00e9r\u00e9 par une entreprise famillale \u00e0 Lavaux LAIK SA Suisse Puidoux\" \/>\n<meta name=\"robots\" content=\"index, follow, max-snippet:-1, max-image-preview:large, max-video-preview:-1\" \/>\n<link rel=\"canonical\" href=\"https:\/\/laik.ch\/de\/laik-sa-suisse-puidoux\/\" \/>\n<meta property=\"og:locale\" content=\"de_DE\" \/>\n<meta property=\"og:type\" content=\"article\" \/>\n<meta property=\"og:title\" content=\"LAIK SA Suisse Puidoux - Entreprise de Construction B\u00e2timent Puidoux - Puidoux -\" \/>\n<meta property=\"og:description\" content=\"LAIK SA Suisse Puidoux D\u00e9couvrez notre \u00e9quipe, notre histoire, LAIK SA G\u00e9r\u00e9 par une entreprise famillale \u00e0 Lavaux LAIK SA Suisse Puidoux\" \/>\n<meta property=\"og:url\" content=\"https:\/\/laik.ch\/de\/laik-sa-suisse-puidoux\/\" \/>\n<meta property=\"og:site_name\" content=\"LAIK SA\" \/>\n<meta property=\"article:modified_time\" content=\"2024-08-14T07:10:46+00:00\" \/>\n<meta name=\"twitter:card\" content=\"summary_large_image\" \/>\n<meta name=\"twitter:label1\" content=\"Gesch\u00e4tzte Lesezeit\" \/>\n\t<meta name=\"twitter:data1\" content=\"3\u00a0Minuten\" \/>\n<script type=\"application\/ld+json\" class=\"yoast-schema-graph\">{\"@context\":\"https:\\\/\\\/schema.org\",\"@graph\":[{\"@type\":\"WebPage\",\"@id\":\"https:\\\/\\\/laik.ch\\\/laik-sa-suisse-puidoux\\\/\",\"url\":\"https:\\\/\\\/laik.ch\\\/laik-sa-suisse-puidoux\\\/\",\"name\":\"LAIK SA Suisse Puidoux - Entreprise de Construction B\u00e2timent Puidoux - Puidoux -\",\"isPartOf\":{\"@id\":\"https:\\\/\\\/laik.ch\\\/#website\"},\"datePublished\":\"2017-08-24T00:18:08+00:00\",\"dateModified\":\"2024-08-14T07:10:46+00:00\",\"description\":\"LAIK SA Suisse Puidoux D\u00e9couvrez notre \u00e9quipe, notre histoire, LAIK SA G\u00e9r\u00e9 par une entreprise famillale \u00e0 Lavaux LAIK SA Suisse Puidoux\",\"breadcrumb\":{\"@id\":\"https:\\\/\\\/laik.ch\\\/laik-sa-suisse-puidoux\\\/#breadcrumb\"},\"inLanguage\":\"de-CH\",\"potentialAction\":[{\"@type\":\"ReadAction\",\"target\":[\"https:\\\/\\\/laik.ch\\\/laik-sa-suisse-puidoux\\\/\"]}]},{\"@type\":\"BreadcrumbList\",\"@id\":\"https:\\\/\\\/laik.ch\\\/laik-sa-suisse-puidoux\\\/#breadcrumb\",\"itemListElement\":[{\"@type\":\"ListItem\",\"position\":1,\"name\":\"Accueil\",\"item\":\"https:\\\/\\\/laik.ch\\\/\"},{\"@type\":\"ListItem\",\"position\":2,\"name\":\"Qui Sommes-nous ?\"}]},{\"@type\":\"WebSite\",\"@id\":\"https:\\\/\\\/laik.ch\\\/#website\",\"url\":\"https:\\\/\\\/laik.ch\\\/\",\"name\":\"LAIK SA\",\"description\":\"Entreprise de chapes et isolation \u00e0 Puidoux\",\"potentialAction\":[{\"@type\":\"SearchAction\",\"target\":{\"@type\":\"EntryPoint\",\"urlTemplate\":\"https:\\\/\\\/laik.ch\\\/?s={search_term_string}\"},\"query-input\":{\"@type\":\"PropertyValueSpecification\",\"valueRequired\":true,\"valueName\":\"search_term_string\"}}],\"inLanguage\":\"de-CH\"}]}<\/script>\n<!-- \/ Yoast SEO plugin. -->","yoast_head_json":{"title":"LAIK SA Suisse Puidoux - Entreprise de Construction B\u00e2timent Puidoux - Puidoux -","description":"LAIK SA Suisse Puidoux D\u00e9couvrez notre \u00e9quipe, notre histoire, LAIK SA G\u00e9r\u00e9 par une entreprise famillale \u00e0 Lavaux LAIK SA Suisse Puidoux","robots":{"index":"index","follow":"follow","max-snippet":"max-snippet:-1","max-image-preview":"max-image-preview:large","max-video-preview":"max-video-preview:-1"},"canonical":"https:\/\/laik.ch\/de\/laik-sa-suisse-puidoux\/","og_locale":"de_DE","og_type":"article","og_title":"LAIK SA Suisse Puidoux - Entreprise de Construction B\u00e2timent Puidoux - Puidoux -","og_description":"LAIK SA Suisse Puidoux D\u00e9couvrez notre \u00e9quipe, notre histoire, LAIK SA G\u00e9r\u00e9 par une entreprise famillale \u00e0 Lavaux LAIK SA Suisse Puidoux","og_url":"https:\/\/laik.ch\/de\/laik-sa-suisse-puidoux\/","og_site_name":"LAIK SA","article_modified_time":"2024-08-14T07:10:46+00:00","twitter_card":"summary_large_image","twitter_misc":{"Gesch\u00e4tzte Lesezeit":"3\u00a0Minuten"},"schema":{"@context":"https:\/\/schema.org","@graph":[{"@type":"WebPage","@id":"https:\/\/laik.ch\/laik-sa-suisse-puidoux\/","url":"https:\/\/laik.ch\/laik-sa-suisse-puidoux\/","name":"LAIK SA Suisse Puidoux - Entreprise de Construction B\u00e2timent Puidoux - Puidoux -","isPartOf":{"@id":"https:\/\/laik.ch\/#website"},"datePublished":"2017-08-24T00:18:08+00:00","dateModified":"2024-08-14T07:10:46+00:00","description":"LAIK SA Suisse Puidoux D\u00e9couvrez notre \u00e9quipe, notre histoire, LAIK SA G\u00e9r\u00e9 par une entreprise famillale \u00e0 Lavaux LAIK SA Suisse Puidoux","breadcrumb":{"@id":"https:\/\/laik.ch\/laik-sa-suisse-puidoux\/#breadcrumb"},"inLanguage":"de-CH","potentialAction":[{"@type":"ReadAction","target":["https:\/\/laik.ch\/laik-sa-suisse-puidoux\/"]}]},{"@type":"BreadcrumbList","@id":"https:\/\/laik.ch\/laik-sa-suisse-puidoux\/#breadcrumb","itemListElement":[{"@type":"ListItem","position":1,"name":"Accueil","item":"https:\/\/laik.ch\/"},{"@type":"ListItem","position":2,"name":"Qui Sommes-nous ?"}]},{"@type":"WebSite","@id":"https:\/\/laik.ch\/#website","url":"https:\/\/laik.ch\/","name":"LAIK SA","description":"Entreprise de chapes et isolation \u00e0 Puidoux","potentialAction":[{"@type":"SearchAction","target":{"@type":"EntryPoint","urlTemplate":"https:\/\/laik.ch\/?s={search_term_string}"},"query-input":{"@type":"PropertyValueSpecification","valueRequired":true,"valueName":"search_term_string"}}],"inLanguage":"de-CH"}]}},"_links":{"self":[{"href":"https:\/\/laik.ch\/de\/wp-json\/wp\/v2\/pages\/853","targetHints":{"allow":["GET"]}}],"collection":[{"href":"https:\/\/laik.ch\/de\/wp-json\/wp\/v2\/pages"}],"about":[{"href":"https:\/\/laik.ch\/de\/wp-json\/wp\/v2\/types\/page"}],"author":[{"embeddable":true,"href":"https:\/\/laik.ch\/de\/wp-json\/wp\/v2\/users\/2"}],"replies":[{"embeddable":true,"href":"https:\/\/laik.ch\/de\/wp-json\/wp\/v2\/comments?post=853"}],"version-history":[{"count":12,"href":"https:\/\/laik.ch\/de\/wp-json\/wp\/v2\/pages\/853\/revisions"}],"predecessor-version":[{"id":2478,"href":"https:\/\/laik.ch\/de\/wp-json\/wp\/v2\/pages\/853\/revisions\/2478"}],"wp:attachment":[{"href":"https:\/\/laik.ch\/de\/wp-json\/wp\/v2\/media?parent=853"}],"curies":[{"name":"wp","href":"https:\/\/api.w.org\/{rel}","templated":true}]}}